{"id":11,"date":"2018-12-07T15:23:56","date_gmt":"2018-12-07T15:23:56","guid":{"rendered":"http:\/\/wp.wernersbach.de\/?page_id=11"},"modified":"2023-11-15T20:09:48","modified_gmt":"2023-11-15T19:09:48","slug":"full-service-2","status":"publish","type":"page","link":"https:\/\/dev.eventcloudvt.de\/wp\/","title":{"rendered":"Eventcloud: Wir verleihen Veranstaltungstechnik mit entspannendem Full-Service."},"content":{"rendered":"<h3><em>Eventcloud sind die zuverl\u00e4ssigen Spezialisten f\u00fcr Tonl\u00f6sungen, Lichtkonzepte und Medientechnik im Rhein-Main-Gebiet sowie in Rhein-Hessen. <\/em><\/h3>\n<h3><em>Bei uns k\u00f6nnen Sie im <a href=\"http:\/\/dev.eventcloudvt.de\/wp\/full-service\/\">Full-Service<\/a> genau die technische Ausstattung mieten, die Sie f\u00fcr Ihr Event ben\u00f6tigen \u2013 inklusive fundierter Beratung, detailreicher Planung, entspannender Vor-Ort-Betreuung und einem effizienten <\/em><em>Auf- und Abbau.<\/em><\/h3>\n\n\n<div class=\"wp-block-button\"><a class=\"wp-block-button__link has-text-color has-very-dark-gray-color has-background has-luminous-vivid-orange-background-color\" href=\"http:\/\/dev.eventcloudvt.de\/wp\/kontakt\">jetzt kontaktieren<\/a><\/div>\n","protected":false},"excerpt":{"rendered":"<p>Eventcloud sind die zuverl\u00e4ssigen Spezialisten f\u00fcr Tonl\u00f6sungen, Lichtkonzepte und Medientechnik im Rhein-Main-Gebiet sowie in Rhein-Hessen. Bei uns k\u00f6nnen Sie im Full-Service genau die technische Ausstattung mieten, die Sie f\u00fcr Ihr Event ben\u00f6tigen \u2013 inklusive fundierter Beratung, detailreicher Planung, entspannender Vor-Ort-Betreuung und einem effizienten Auf- und Abbau.<\/p>\n","protected":false},"author":3,"featured_media":0,"parent":0,"menu_order":0,"comment_status":"closed","ping_status":"closed","template":"","meta":{"content-type":"","_monsterinsights_skip_tracking":false,"_monsterinsights_sitenote_active":false,"_monsterinsights_sitenote_note":"","_monsterinsights_sitenote_category":0,"footnotes":""},"class_list":["post-11","page","type-page","status-publish","hentry","entry"],"_links":{"self":[{"href":"https:\/\/dev.eventcloudvt.de\/wp\/wp-json\/wp\/v2\/pages\/11","targetHints":{"allow":["GET"]}}],"collection":[{"href":"https:\/\/dev.eventcloudvt.de\/wp\/wp-json\/wp\/v2\/pages"}],"about":[{"href":"https:\/\/dev.eventcloudvt.de\/wp\/wp-json\/wp\/v2\/types\/page"}],"author":[{"embeddable":true,"href":"https:\/\/dev.eventcloudvt.de\/wp\/wp-json\/wp\/v2\/users\/3"}],"replies":[{"embeddable":true,"href":"https:\/\/dev.eventcloudvt.de\/wp\/wp-json\/wp\/v2\/comments?post=11"}],"version-history":[{"count":12,"href":"https:\/\/dev.eventcloudvt.de\/wp\/wp-json\/wp\/v2\/pages\/11\/revisions"}],"predecessor-version":[{"id":353,"href":"https:\/\/dev.eventcloudvt.de\/wp\/wp-json\/wp\/v2\/pages\/11\/revisions\/353"}],"wp:attachment":[{"href":"https:\/\/dev.eventcloudvt.de\/wp\/wp-json\/wp\/v2\/media?parent=11"}],"curies":[{"name":"wp","href":"https:\/\/api.w.org\/{rel}","templated":true}]}}